{"id":428,"date":"2023-09-23T06:49:23","date_gmt":"2023-09-23T06:49:23","guid":{"rendered":"https:\/\/rodsypniewo.pl\/?page_id=428"},"modified":"2026-03-25T13:27:05","modified_gmt":"2026-03-25T13:27:05","slug":"kontakt","status":"publish","type":"page","link":"https:\/\/rodsypniewo.pl\/?page_id=428","title":{"rendered":"Kontakt"},"content":{"rendered":"\n<p>Adres skrzynki e-mail:<\/p>\n\n\n\n<p><strong><a href=\"mailto:rodsypniewo@gmail.com\">rodsypniewo@gmail.com<\/a><\/strong><\/p>\n\n\n\n<p>Adres pocztowy:<\/p>\n\n\n\n<p><strong>ROD &#8222;Sypniewo&#8221;<\/strong><br>ul. Sypniewo 41<br>61-327 Pozna\u0144<\/p>\n\n\n\n<h1 class=\"wp-block-heading\">Dy\u017cury<\/h1>\n\n\n\n<p>Biuro otwarte w \u015brody i pi\u0105tki w godzinach 11.00 do 15.00<\/p>\n\n\n\n<p>Dodatkowe dy\u017cury w nast\u0119puj\u0105ce soboty w godzinach 11.00 do 15.00<\/p>\n\n\n\n<p>21.03.2026r.<\/p>\n\n\n\n<p>11.04.2026r.<\/p>\n\n\n\n<p>16.05.2026r.<\/p>\n\n\n\n<p>27.06.2026r.<\/p>\n\n\n\n<p>18.07.2026r.<\/p>\n\n\n\n<p>08.08.2026r.<\/p>\n\n\n\n<p>19.09.2026r.<\/p>\n\n\n\n<p>17.10.2026r.<\/p>\n\n\n\n<p>Skarbnik przyjmuje wp\u0142aty w godzinach otwarcia biura.<\/p>\n","protected":false},"excerpt":{"rendered":"<p>Adres skrzynki e-mail: rodsypniewo@gmail.com Adres pocztowy: ROD &#8222;Sypniewo&#8221;ul. Sypniewo 4161-327 Pozna\u0144 Dy\u017cury Biuro otwarte w \u015brody i pi\u0105tki w godzinach 11.00 do 15.00 Dodatkowe dy\u017cury w nast\u0119puj\u0105ce soboty w godzinach 11.00 do 15.00 21.03.2026r. 11.04.2026r. 16.05.2026r. 27.06.2026r. 18.07.2026r. 08.08.2026r. 19.09.2026r. &hellip; <a href=\"https:\/\/rodsypniewo.pl\/?page_id=428\">Czytaj dalej <span class=\"meta-nav\">&rarr;<\/span><\/a><\/p>\n","protected":false},"author":2,"featured_media":0,"parent":0,"menu_order":0,"comment_status":"closed","ping_status":"closed","template":"","meta":{"footnotes":""},"class_list":["post-428","page","type-page","status-publish","hentry"],"_links":{"self":[{"href":"https:\/\/rodsypniewo.pl\/index.php?rest_route=\/wp\/v2\/pages\/428","targetHints":{"allow":["GET"]}}],"collection":[{"href":"https:\/\/rodsypniewo.pl\/index.php?rest_route=\/wp\/v2\/pages"}],"about":[{"href":"https:\/\/rodsypniewo.pl\/index.php?rest_route=\/wp\/v2\/types\/page"}],"author":[{"embeddable":true,"href":"https:\/\/rodsypniewo.pl\/index.php?rest_route=\/wp\/v2\/users\/2"}],"replies":[{"embeddable":true,"href":"https:\/\/rodsypniewo.pl\/index.php?rest_route=%2Fwp%2Fv2%2Fcomments&post=428"}],"version-history":[{"count":7,"href":"https:\/\/rodsypniewo.pl\/index.php?rest_route=\/wp\/v2\/pages\/428\/revisions"}],"predecessor-version":[{"id":646,"href":"https:\/\/rodsypniewo.pl\/index.php?rest_route=\/wp\/v2\/pages\/428\/revisions\/646"}],"wp:attachment":[{"href":"https:\/\/rodsypniewo.pl\/index.php?rest_route=%2Fwp%2Fv2%2Fmedia&parent=428"}],"curies":[{"name":"wp","href":"https:\/\/api.w.org\/{rel}","templated":true}]}}